{"id":8,"date":"2026-03-05T16:29:28","date_gmt":"2026-03-05T15:29:28","guid":{"rendered":"http:\/\/yodan.e-declic.net\/accueil\/"},"modified":"2026-03-31T09:18:22","modified_gmt":"2026-03-31T07:18:22","slug":"accueil","status":"publish","type":"page","link":"https:\/\/yodan.ai\/en\/","title":{"rendered":"Home"},"content":{"rendered":"\t\t<div data-elementor-type=\"wp-page\" data-elementor-id=\"8\" class=\"elementor elementor-8\" data-elementor-post-type=\"page\">\n\t\t\t\t<div class=\"elementor-element elementor-element-1db7b6d e-con-full e-flex e-con e-parent\" data-id=\"1db7b6d\" data-element_type=\"container\" data-e-type=\"container\" id=\"hero-section\">\n\t\t<div class=\"elementor-element elementor-element-d860321 e-con-full e-flex e-con e-child\" data-id=\"d860321\" data-element_type=\"container\" data-e-type=\"container\" id=\"hero-section-col\">\n\t\t\t\t<div class=\"elementor-element elementor-element-5feed2e elementor-widget elementor-widget-video\" data-id=\"5feed2e\" data-element_type=\"widget\" data-e-type=\"widget\" data-settings=\"{&quot;video_type&quot;:&quot;hosted&quot;,&quot;autoplay&quot;:&quot;yes&quot;,&quot;loop&quot;:&quot;yes&quot;,&quot;play_on_mobile&quot;:&quot;yes&quot;,&quot;mute&quot;:&quot;yes&quot;}\" data-widget_type=\"video.default\">\n\t\t\t\t\t\t\t<div class=\"e-hosted-video elementor-wrapper elementor-open-inline\">\n\t\t\t\t\t<video class=\"elementor-video\" src=\"https:\/\/yodan.ai\/wp-content\/uploads\/2026\/03\/home-intro.mp4\" autoplay=\"\" loop=\"\" muted=\"muted\" playsinline=\"\" controlsList=\"nodownload\" poster=\"https:\/\/yodan.ai\/wp-content\/uploads\/2026\/03\/hero-poster.webp\"><\/video>\n\t\t\t\t<\/div>\n\t\t\t\t\t\t<\/div>\n\t\t\t\t<\/div>\n\t\t\t\t<\/div>\n\t\t<div class=\"elementor-element elementor-element-88fb7be e-flex e-con-boxed e-con e-parent\" data-id=\"88fb7be\" data-element_type=\"container\" data-e-type=\"container\">\n\t\t\t\t\t<div class=\"e-con-inner\">\n\t\t\t\t<div class=\"elementor-element elementor-element-79302c3 elementor-widget elementor-widget-heading\" data-id=\"79302c3\" data-element_type=\"widget\" data-e-type=\"widget\" data-settings=\"{&quot;motion_fx_motion_fx_scrolling&quot;:&quot;yes&quot;,&quot;motion_fx_translateY_effect&quot;:&quot;yes&quot;,&quot;motion_fx_translateY_direction&quot;:&quot;negative&quot;,&quot;motion_fx_translateY_affectedRange&quot;:{&quot;unit&quot;:&quot;%&quot;,&quot;size&quot;:&quot;&quot;,&quot;sizes&quot;:{&quot;start&quot;:44,&quot;end&quot;:56}},&quot;motion_fx_translateY_speed&quot;:{&quot;unit&quot;:&quot;px&quot;,&quot;size&quot;:4,&quot;sizes&quot;:[]},&quot;motion_fx_devices&quot;:[&quot;desktop&quot;,&quot;tablet&quot;,&quot;mobile&quot;]}\" data-widget_type=\"heading.default\">\n\t\t\t\t\t<h1 class=\"elementor-heading-title elementor-size-default\">Agence de production <br>films et images IA<\/h1>\t\t\t\t<\/div>\n\t\t\t\t\t<\/div>\n\t\t\t\t<\/div>\n\t\t<div class=\"elementor-element elementor-element-3cc16b1 e-con-full e-flex e-con e-parent\" data-id=\"3cc16b1\" data-element_type=\"container\" data-e-type=\"container\" data-settings=\"{&quot;background_background&quot;:&quot;classic&quot;}\">\n\t\t\t\t<div class=\"elementor-element elementor-element-76896f8 elementor-widget elementor-widget-html\" data-id=\"76896f8\" data-element_type=\"widget\" data-e-type=\"widget\" data-widget_type=\"html.default\">\n\t\t\t\t\t<div class=\"hor-scrolling-container\" id=\"scroll-container\">\n  <div class=\"scrolling-track\" id=\"scroll-track\" data-speed=\"1.5\">\n        <span><a href=\"#luxe\">Luxe.<\/a><\/span><span><a href=\"#sport\">Sport.<\/a><\/span><span><a href=\"#publicite\">Publicit\u00e9.<\/a><\/span><span><a href=\"#clips\">Clips.<\/a><\/span><span><a href=\"#cinema\">Cin\u00e9ma.<\/a><\/span>\n        <span><a href=\"#musee\">Mus\u00e9es. Parcs de loisirs.<\/a><\/span>\n    <\/div>\n<\/div>\t\t\t\t<\/div>\n\t\t\t\t<\/div>\n\t\t<div class=\"elementor-element elementor-element-71f87ce e-flex e-con-boxed e-con e-parent\" data-id=\"71f87ce\" data-element_type=\"container\" data-e-type=\"container\">\n\t\t\t\t\t<div class=\"e-con-inner\">\n\t\t\t\t<div class=\"elementor-element elementor-element-15cfd5e elementor-widget elementor-widget-text-editor\" data-id=\"15cfd5e\" data-element_type=\"widget\" data-e-type=\"widget\" data-widget_type=\"text-editor.default\">\n\t\t\t\t\t\t\t\t\t<p>On entre par l\u2019id\u00e9e. Toujours.\u00a0<\/p>\t\t\t\t\t\t\t\t<\/div>\n\t\t\t\t<div class=\"elementor-element elementor-element-5f184eb elementor-widget elementor-widget-text-editor\" data-id=\"5f184eb\" data-element_type=\"widget\" data-e-type=\"widget\" data-widget_type=\"text-editor.default\">\n\t\t\t\t\t\t\t\t\t<p>Parfois d\u00e8s le d\u00e9but. Parfois en cours. <br \/>Mais jamais trop tard pour changer la trajectoire.<\/p>\t\t\t\t\t\t\t\t<\/div>\n\t\t\t\t<div class=\"elementor-element elementor-element-059ebb7 elementor-widget elementor-widget-text-editor\" data-id=\"059ebb7\" data-element_type=\"widget\" data-e-type=\"widget\" data-widget_type=\"text-editor.default\">\n\t\t\t\t\t\t\t\t\t<p>Conception. \u00c9criture. Direction Artistique. Production.<\/p>\t\t\t\t\t\t\t\t<\/div>\n\t\t\t\t<div class=\"elementor-element elementor-element-60ff800 elementor-widget elementor-widget-text-editor\" data-id=\"60ff800\" data-element_type=\"widget\" data-e-type=\"widget\" data-widget_type=\"text-editor.default\">\n\t\t\t\t\t\t\t\t\t<p>L\u2019IA ouvre. Le regard d\u00e9cide.<\/p>\t\t\t\t\t\t\t\t<\/div>\n\t\t\t\t<div class=\"elementor-element elementor-element-0a91b58 elementor-widget elementor-widget-text-editor\" data-id=\"0a91b58\" data-element_type=\"widget\" data-e-type=\"widget\" data-widget_type=\"text-editor.default\">\n\t\t\t\t\t\t\t\t\t<p>Structure sharp. Pens\u00e9e rapide. <br \/>Collab nationales &amp; internationales.<br \/>Marques. Agences de com. Clubs. Talents.<\/p>\t\t\t\t\t\t\t\t<\/div>\n\t\t\t\t<div class=\"elementor-element elementor-element-7558e19 elementor-widget elementor-widget-text-editor\" data-id=\"7558e19\" data-element_type=\"widget\" data-e-type=\"widget\" data-widget_type=\"text-editor.default\">\n\t\t\t\t\t\t\t\t\t<p>Un seul point d\u2019accord :\u00a0 <br \/>ne rien produire d\u2019ordinaire.<\/p>\t\t\t\t\t\t\t\t<\/div>\n\t\t\t\t\t<\/div>\n\t\t\t\t<\/div>\n\t\t<div class=\"elementor-element elementor-element-ee8df81 e-con-full e-flex e-con e-parent\" data-id=\"ee8df81\" data-element_type=\"container\" data-e-type=\"container\">\n\t\t\t\t<div class=\"elementor-element elementor-element-fe1f5d2 elementor-widget elementor-widget-html\" data-id=\"fe1f5d2\" data-element_type=\"widget\" data-e-type=\"widget\" data-widget_type=\"html.default\">\n\t\t\t\t\t<div id=\"scramble-slogan\" class=\"scramble-text-wrapper\">\n    <h2 class=\"scramble-text-title\">\n      <span class=\"scramble-text\">Full AI.<\/span>\n      <span class=\"scramble-text\">Full emotion.<\/span><\/h2>\n  <\/div>\t\t\t\t<\/div>\n\t\t\t\t<\/div>\n\t\t<div class=\"elementor-element elementor-element-8e45ae2 e-grid e-con-full e-con e-parent\" data-id=\"8e45ae2\" data-element_type=\"container\" data-e-type=\"container\" id=\"category-grid\">\n\t\t<div class=\"elementor-element elementor-element-7235c63 e-con-full category-link-container e-flex e-con e-child\" data-id=\"7235c63\" data-element_type=\"container\" data-e-type=\"container\">\n\t\t<a class=\"elementor-element elementor-element-417ef5a e-con-full category-link e-flex e-con e-child\" data-id=\"417ef5a\" data-element_type=\"container\" data-e-type=\"container\" id=\"luxe\" data-settings=\"{&quot;background_background&quot;:&quot;classic&quot;}\" href=\"https:\/\/yodan.ai\/en\/agence-video-ia-luxe\/\">\n\t\t\t\t<div class=\"elementor-element elementor-element-d8c3c09 elementor-widget elementor-widget-heading\" data-id=\"d8c3c09\" data-element_type=\"widget\" data-e-type=\"widget\" data-widget_type=\"heading.default\">\n\t\t\t\t\t<h2 class=\"elementor-heading-title elementor-size-default\">Luxe<\/h2>\t\t\t\t<\/div>\n\t\t\t\t<\/a>\n\t\t\t\t<\/div>\n\t\t<div class=\"elementor-element elementor-element-d1b4137 e-con-full category-link-container e-flex e-con e-child\" data-id=\"d1b4137\" data-element_type=\"container\" data-e-type=\"container\">\n\t\t<a class=\"elementor-element elementor-element-827ef47 e-con-full category-link e-flex e-con e-child\" data-id=\"827ef47\" data-element_type=\"container\" data-e-type=\"container\" id=\"sport\" data-settings=\"{&quot;background_background&quot;:&quot;classic&quot;}\" href=\"https:\/\/yodan.ai\/en\/agence-video-ia-sport\/\">\n\t\t\t\t<div class=\"elementor-element elementor-element-e388fa1 elementor-widget elementor-widget-heading\" data-id=\"e388fa1\" data-element_type=\"widget\" data-e-type=\"widget\" data-widget_type=\"heading.default\">\n\t\t\t\t\t<h2 class=\"elementor-heading-title elementor-size-default\">Sport<\/h2>\t\t\t\t<\/div>\n\t\t\t\t<\/a>\n\t\t\t\t<\/div>\n\t\t<div class=\"elementor-element elementor-element-5b021f2 e-con-full category-link-container e-flex e-con e-child\" data-id=\"5b021f2\" data-element_type=\"container\" data-e-type=\"container\">\n\t\t<a class=\"elementor-element elementor-element-d343c74 e-con-full category-link e-flex e-con e-child\" data-id=\"d343c74\" data-element_type=\"container\" data-e-type=\"container\" id=\"publicite\" data-settings=\"{&quot;background_background&quot;:&quot;classic&quot;}\" href=\"https:\/\/yodan.ai\/en\/agence-video-ia-publicite-branding\/\">\n\t\t\t\t<div class=\"elementor-element elementor-element-13c4ece elementor-widget elementor-widget-heading\" data-id=\"13c4ece\" data-element_type=\"widget\" data-e-type=\"widget\" data-widget_type=\"heading.default\">\n\t\t\t\t\t<h2 class=\"elementor-heading-title elementor-size-default\">Pub <br> Branding<\/h2>\t\t\t\t<\/div>\n\t\t\t\t<\/a>\n\t\t\t\t<\/div>\n\t\t<div class=\"elementor-element elementor-element-e507eff e-con-full category-link-container e-flex e-con e-child\" data-id=\"e507eff\" data-element_type=\"container\" data-e-type=\"container\">\n\t\t<a class=\"elementor-element elementor-element-dc799a4 e-con-full category-link e-flex e-con e-child\" data-id=\"dc799a4\" data-element_type=\"container\" data-e-type=\"container\" id=\"clips\" data-settings=\"{&quot;background_background&quot;:&quot;classic&quot;}\" href=\"https:\/\/yodan.ai\/en\/agence-video-ia-clips\/\">\n\t\t\t\t<div class=\"elementor-element elementor-element-26faf78 elementor-widget elementor-widget-heading\" data-id=\"26faf78\" data-element_type=\"widget\" data-e-type=\"widget\" data-widget_type=\"heading.default\">\n\t\t\t\t\t<h2 class=\"elementor-heading-title elementor-size-default\">Clips<\/h2>\t\t\t\t<\/div>\n\t\t\t\t<\/a>\n\t\t\t\t<\/div>\n\t\t<div class=\"elementor-element elementor-element-7f3ae4a e-con-full category-link-container e-flex e-con e-child\" data-id=\"7f3ae4a\" data-element_type=\"container\" data-e-type=\"container\">\n\t\t<a class=\"elementor-element elementor-element-0eee88f e-con-full category-link e-flex e-con e-child\" data-id=\"0eee88f\" data-element_type=\"container\" data-e-type=\"container\" id=\"cinema\" data-settings=\"{&quot;background_background&quot;:&quot;classic&quot;}\" href=\"https:\/\/yodan.ai\/en\/agence-video-ia-cinema\/\">\n\t\t\t\t<div class=\"elementor-element elementor-element-9528d66 elementor-widget elementor-widget-heading\" data-id=\"9528d66\" data-element_type=\"widget\" data-e-type=\"widget\" data-widget_type=\"heading.default\">\n\t\t\t\t\t<h2 class=\"elementor-heading-title elementor-size-default\">Cin\u00e9ma<\/h2>\t\t\t\t<\/div>\n\t\t\t\t<\/a>\n\t\t\t\t<\/div>\n\t\t<div class=\"elementor-element elementor-element-80187cc e-con-full category-link-container e-flex e-con e-child\" data-id=\"80187cc\" data-element_type=\"container\" data-e-type=\"container\">\n\t\t<a class=\"elementor-element elementor-element-951eb13 e-con-full category-link e-flex e-con e-child\" data-id=\"951eb13\" data-element_type=\"container\" data-e-type=\"container\" id=\"musee\" data-settings=\"{&quot;background_background&quot;:&quot;classic&quot;}\" href=\"https:\/\/yodan.ai\/en\/agence-video-ia-musees-parcs-loisirs\/\">\n\t\t\t\t<div class=\"elementor-element elementor-element-841506d elementor-widget elementor-widget-heading\" data-id=\"841506d\" data-element_type=\"widget\" data-e-type=\"widget\" data-widget_type=\"heading.default\">\n\t\t\t\t\t<h2 class=\"elementor-heading-title elementor-size-default\">Mus\u00e9es. <br>Parcs de loisirs.<\/h2>\t\t\t\t<\/div>\n\t\t\t\t<\/a>\n\t\t\t\t<\/div>\n\t\t\t\t<\/div>\n\t\t\t\t<\/div>\n\t\t","protected":false},"excerpt":{"rendered":"<p>Agence de production films et images IA Luxe.Sport.Publicit\u00e9.Clips.Cin\u00e9ma. Mus\u00e9es. Parcs de loisirs. On entre par l\u2019id\u00e9e. Toujours.\u00a0 Parfois d\u00e8s le d\u00e9but. Parfois en cours. Mais jamais trop tard pour changer la trajectoire. Conception. \u00c9criture. Direction Artistique. Production. L\u2019IA ouvre. Le regard d\u00e9cide. Structure sharp. Pens\u00e9e rapide. Collab nationales &amp; internationales.Marques. Agences de com. Clubs. Talents. [&hellip;]<\/p>\n","protected":false},"author":3,"featured_media":0,"parent":0,"menu_order":1,"comment_status":"closed","ping_status":"closed","template":"","meta":{"footnotes":""},"class_list":["post-8","page","type-page","status-publish","hentry"],"acf":[],"yoast_head":"<!-- This site is optimized with the Yoast SEO plugin v27.2 - https:\/\/yoast.com\/product\/yoast-seo-wordpress\/ -->\n<title>Agence vid\u00e9o IA - Full IA &amp; hybride | Yodan AI<\/title>\n<meta name=\"description\" content=\"Yodan AI, agence vid\u00e9o IA full IA et hybride. Confiez-nous vos projets vid\u00e9o pour des productions d&#039;exception, nationales &amp; internationales.\" \/>\n<meta name=\"robots\" content=\"index, follow, max-snippet:-1, max-image-preview:large, max-video-preview:-1\" \/>\n<link rel=\"canonical\" href=\"https:\/\/yodan.ai\/en\/\" \/>\n<meta property=\"og:locale\" content=\"en_GB\" \/>\n<meta property=\"og:type\" content=\"article\" \/>\n<meta property=\"og:title\" content=\"Agence vid\u00e9o IA - Full IA &amp; hybride | Yodan AI\" \/>\n<meta property=\"og:description\" content=\"Yodan AI, agence vid\u00e9o IA full IA et hybride. Confiez-nous vos projets vid\u00e9o pour des productions d&#039;exception, nationales &amp; internationales.\" \/>\n<meta property=\"og:url\" content=\"https:\/\/yodan.ai\/en\/\" \/>\n<meta property=\"og:site_name\" content=\"Yodan AI\" \/>\n<meta property=\"article:modified_time\" content=\"2026-03-31T07:18:22+00:00\" \/>\n<meta name=\"twitter:card\" content=\"summary_large_image\" \/>\n<meta name=\"twitter:label1\" content=\"Estimated reading time\" \/>\n\t<meta name=\"twitter:data1\" content=\"1 minute\" \/>\n<script type=\"application\/ld+json\" class=\"yoast-schema-graph\">{\"@context\":\"https:\/\/schema.org\",\"@graph\":[{\"@type\":\"WebPage\",\"@id\":\"https:\/\/yodan.ai\/\",\"url\":\"https:\/\/yodan.ai\/\",\"name\":\"Agence vid\u00e9o IA - Full IA & hybride | Yodan AI\",\"isPartOf\":{\"@id\":\"https:\/\/yodan.ai\/#website\"},\"datePublished\":\"2026-03-05T15:29:28+00:00\",\"dateModified\":\"2026-03-31T07:18:22+00:00\",\"description\":\"Yodan AI, agence vid\u00e9o IA full IA et hybride. Confiez-nous vos projets vid\u00e9o pour des productions d'exception, nationales & internationales.\",\"breadcrumb\":{\"@id\":\"https:\/\/yodan.ai\/#breadcrumb\"},\"inLanguage\":\"en-GB\",\"potentialAction\":[{\"@type\":\"ReadAction\",\"target\":[\"https:\/\/yodan.ai\/\"]}]},{\"@type\":\"BreadcrumbList\",\"@id\":\"https:\/\/yodan.ai\/#breadcrumb\",\"itemListElement\":[{\"@type\":\"ListItem\",\"position\":1,\"name\":\"Home\",\"item\":\"https:\/\/yodan.ai\/\"},{\"@type\":\"ListItem\",\"position\":2,\"name\":\"Accueil\"}]},{\"@type\":\"WebSite\",\"@id\":\"https:\/\/yodan.ai\/#website\",\"url\":\"https:\/\/yodan.ai\/\",\"name\":\"Yodan AI\",\"description\":\"\",\"publisher\":{\"@id\":\"https:\/\/yodan.ai\/#organization\"},\"potentialAction\":[{\"@type\":\"SearchAction\",\"target\":{\"@type\":\"EntryPoint\",\"urlTemplate\":\"https:\/\/yodan.ai\/?s={search_term_string}\"},\"query-input\":{\"@type\":\"PropertyValueSpecification\",\"valueRequired\":true,\"valueName\":\"search_term_string\"}}],\"inLanguage\":\"en-GB\"},{\"@type\":\"Organization\",\"@id\":\"https:\/\/yodan.ai\/#organization\",\"name\":\"Yodan AI\",\"url\":\"https:\/\/yodan.ai\/\",\"logo\":{\"@type\":\"ImageObject\",\"inLanguage\":\"en-GB\",\"@id\":\"https:\/\/yodan.ai\/#\/schema\/logo\/image\/\",\"url\":\"https:\/\/yodan.ai\/wp-content\/uploads\/2026\/03\/white-logo.webp\",\"contentUrl\":\"https:\/\/yodan.ai\/wp-content\/uploads\/2026\/03\/white-logo.webp\",\"width\":1000,\"height\":253,\"caption\":\"Yodan AI\"},\"image\":{\"@id\":\"https:\/\/yodan.ai\/#\/schema\/logo\/image\/\"}}]}<\/script>\n<!-- \/ Yoast SEO plugin. -->","yoast_head_json":{"title":"Agence vid\u00e9o IA - Full IA & hybride | Yodan AI","description":"Yodan AI, agence vid\u00e9o IA full IA et hybride. Confiez-nous vos projets vid\u00e9o pour des productions d'exception, nationales & internationales.","robots":{"index":"index","follow":"follow","max-snippet":"max-snippet:-1","max-image-preview":"max-image-preview:large","max-video-preview":"max-video-preview:-1"},"canonical":"https:\/\/yodan.ai\/en\/","og_locale":"en_GB","og_type":"article","og_title":"Agence vid\u00e9o IA - Full IA & hybride | Yodan AI","og_description":"Yodan AI, agence vid\u00e9o IA full IA et hybride. Confiez-nous vos projets vid\u00e9o pour des productions d'exception, nationales & internationales.","og_url":"https:\/\/yodan.ai\/en\/","og_site_name":"Yodan AI","article_modified_time":"2026-03-31T07:18:22+00:00","twitter_card":"summary_large_image","twitter_misc":{"Estimated reading time":"1 minute"},"schema":{"@context":"https:\/\/schema.org","@graph":[{"@type":"WebPage","@id":"https:\/\/yodan.ai\/","url":"https:\/\/yodan.ai\/","name":"Agence vid\u00e9o IA - Full IA & hybride | Yodan AI","isPartOf":{"@id":"https:\/\/yodan.ai\/#website"},"datePublished":"2026-03-05T15:29:28+00:00","dateModified":"2026-03-31T07:18:22+00:00","description":"Yodan AI, agence vid\u00e9o IA full IA et hybride. Confiez-nous vos projets vid\u00e9o pour des productions d'exception, nationales & internationales.","breadcrumb":{"@id":"https:\/\/yodan.ai\/#breadcrumb"},"inLanguage":"en-GB","potentialAction":[{"@type":"ReadAction","target":["https:\/\/yodan.ai\/"]}]},{"@type":"BreadcrumbList","@id":"https:\/\/yodan.ai\/#breadcrumb","itemListElement":[{"@type":"ListItem","position":1,"name":"Home","item":"https:\/\/yodan.ai\/"},{"@type":"ListItem","position":2,"name":"Accueil"}]},{"@type":"WebSite","@id":"https:\/\/yodan.ai\/#website","url":"https:\/\/yodan.ai\/","name":"Yodan AI","description":"","publisher":{"@id":"https:\/\/yodan.ai\/#organization"},"potentialAction":[{"@type":"SearchAction","target":{"@type":"EntryPoint","urlTemplate":"https:\/\/yodan.ai\/?s={search_term_string}"},"query-input":{"@type":"PropertyValueSpecification","valueRequired":true,"valueName":"search_term_string"}}],"inLanguage":"en-GB"},{"@type":"Organization","@id":"https:\/\/yodan.ai\/#organization","name":"Yodan AI","url":"https:\/\/yodan.ai\/","logo":{"@type":"ImageObject","inLanguage":"en-GB","@id":"https:\/\/yodan.ai\/#\/schema\/logo\/image\/","url":"https:\/\/yodan.ai\/wp-content\/uploads\/2026\/03\/white-logo.webp","contentUrl":"https:\/\/yodan.ai\/wp-content\/uploads\/2026\/03\/white-logo.webp","width":1000,"height":253,"caption":"Yodan AI"},"image":{"@id":"https:\/\/yodan.ai\/#\/schema\/logo\/image\/"}}]}},"_links":{"self":[{"href":"https:\/\/yodan.ai\/en\/wp-json\/wp\/v2\/pages\/8","targetHints":{"allow":["GET"]}}],"collection":[{"href":"https:\/\/yodan.ai\/en\/wp-json\/wp\/v2\/pages"}],"about":[{"href":"https:\/\/yodan.ai\/en\/wp-json\/wp\/v2\/types\/page"}],"author":[{"embeddable":true,"href":"https:\/\/yodan.ai\/en\/wp-json\/wp\/v2\/users\/3"}],"replies":[{"embeddable":true,"href":"https:\/\/yodan.ai\/en\/wp-json\/wp\/v2\/comments?post=8"}],"version-history":[{"count":428,"href":"https:\/\/yodan.ai\/en\/wp-json\/wp\/v2\/pages\/8\/revisions"}],"predecessor-version":[{"id":951,"href":"https:\/\/yodan.ai\/en\/wp-json\/wp\/v2\/pages\/8\/revisions\/951"}],"wp:attachment":[{"href":"https:\/\/yodan.ai\/en\/wp-json\/wp\/v2\/media?parent=8"}],"curies":[{"name":"wp","href":"https:\/\/api.w.org\/{rel}","templated":true}]}}